{"id":29204,"date":"2020-09-02T21:37:23","date_gmt":"2020-09-02T19:37:23","guid":{"rendered":"https:\/\/leverredevin.ch\/?page_id=29204"},"modified":"2025-05-08T14:13:22","modified_gmt":"2025-05-08T12:13:22","slug":"kontakt","status":"publish","type":"page","link":"https:\/\/leverredevin.ch\/de\/kontakt\/","title":{"rendered":"Kontakt"},"content":{"rendered":"<p>[et_pb_section fb_built=&#8220;1&#8243; _builder_version=&#8220;4.6.0&#8243; _module_preset=&#8220;default&#8220;][et_pb_row admin_label=&#8220;row_inner&#8220; _builder_version=&#8220;3.25&#8243;][et_pb_column type=&#8220;4_4&#8243; _builder_version=&#8220;3.25&#8243; custom_padding=&#8220;|||&#8220; custom_padding__hover=&#8220;|||&#8220;][et_pb_text admin_label=&#8220;Text&#8220; _builder_version=&#8220;4.6.1&#8243; text_line_height=&#8220;1.5em&#8220; background_size=&#8220;initial&#8220; background_position=&#8220;top_left&#8220; background_repeat=&#8220;repeat&#8220; use_border_color=&#8220;off&#8220; border_style=&#8220;solid&#8220;]<\/p>\n<h1>KONTAKT<\/h1>\n<p>Bitte kontaktieren Sie uns jederzeit f\u00fcr Informationen, Anfragen oder Angebote. F\u00fcllen Sie bitte das Formular unter und wir werden uns in K\u00fcrze mit Ihnen in Verbindung setzen.<\/p>\n<p><span><strong>Bei Anfragen aus L\u00e4ndern <span style=\"color: #ff0000;\">ausserhalb der Schweiz<\/span> bitten wir Sie, Bermar unter https:\/\/bermar.co.uk\/contact zu kontaktieren.<\/strong><\/span><\/p>\n<p>[\/et_pb_text][\/et_pb_column][\/et_pb_row][et_pb_row _builder_version=&#8220;4.6.0&#8243; _module_preset=&#8220;default&#8220;][et_pb_column type=&#8220;4_4&#8243; _builder_version=&#8220;4.6.0&#8243; _module_preset=&#8220;default&#8220;][et_pb_contact_form email=&#8220;info@leverredevin.ch, bureau@leverredevin.ch&#8220; custom_message=&#8220;Entreprise: %%company%%||et_pb_line_break_holder||Nom: %%name%%||et_pb_line_break_holder||Email: %%email%%||et_pb_line_break_holder||T\u00e9l: %%phone%%||et_pb_line_break_holder||||et_pb_line_break_holder||Message:||et_pb_line_break_holder||%%message%%&#8220; success_message=&#8220;Nachricht gesendet !&#8220; submit_button_text=&#8220;Senden&#8220; admin_label=&#8220;Contact Form&#8220; module_id=&#8220;et_pb_contact_form_0&#8243; _builder_version=&#8220;4.6.1&#8243; custom_button=&#8220;on&#8220; button_text_size=&#8220;16px&#8220; button_use_icon=&#8220;off&#8220; hover_enabled=&#8220;0&#8243; border_radii=&#8220;on|0px|0px|0px|0px&#8220; use_border_color=&#8220;off&#8220; border_color=&#8220;#ffffff&#8220; border_width=&#8220;1px&#8220; border_style=&#8220;solid&#8220; input_border_radius=&#8220;0&#8243; button_letter_spacing_hover=&#8220;0&#8243; sticky_enabled=&#8220;0&#8243;][et_pb_contact_field field_id=&#8220;Company&#8220; field_title=&#8220;Unternehmen&#8220; required_mark=&#8220;off&#8220; _builder_version=&#8220;4.6.0&#8243; _module_preset=&#8220;default&#8220; form_field_background_color=&#8220;#ffffff&#8220; form_field_text_color=&#8220;#333333&#8243; border_width_all=&#8220;1px&#8220; border_color_all=&#8220;#eee&#8220;][\/et_pb_contact_field][et_pb_contact_field field_id=&#8220;Name&#8220; field_title=&#8220;Name&#8220; _builder_version=&#8220;4.6.1&#8243; form_field_background_color=&#8220;#ffffff&#8220; form_field_text_color=&#8220;#333333&#8243; border_radii=&#8220;on|0px|0px|0px|0px&#8220; border_width_all=&#8220;1px&#8220; border_color_all=&#8220;#edecec&#8220; border_style_all=&#8220;solid&#8220; use_border_color=&#8220;on&#8220; border_color=&#8220;#edecec&#8220; border_width=&#8220;1px&#8220; input_border_radius=&#8220;0&#8243; field_background_color=&#8220;#ffffff&#8220; button_text_size__hover_enabled=&#8220;off&#8220; button_one_text_size__hover_enabled=&#8220;off&#8220; button_two_text_size__hover_enabled=&#8220;off&#8220; button_text_color__hover_enabled=&#8220;off&#8220; button_one_text_color__hover_enabled=&#8220;off&#8220; button_two_text_color__hover_enabled=&#8220;off&#8220; button_border_width__hover_enabled=&#8220;off&#8220; button_one_border_width__hover_enabled=&#8220;off&#8220; button_two_border_width__hover_enabled=&#8220;off&#8220; button_border_color__hover_enabled=&#8220;off&#8220; button_one_border_color__hover_enabled=&#8220;off&#8220; button_two_border_color__hover_enabled=&#8220;off&#8220; button_border_radius__hover_enabled=&#8220;off&#8220; button_one_border_radius__hover_enabled=&#8220;off&#8220; button_two_border_radius__hover_enabled=&#8220;off&#8220; button_letter_spacing__hover_enabled=&#8220;off&#8220; button_one_letter_spacing__hover_enabled=&#8220;off&#8220; button_two_letter_spacing__hover_enabled=&#8220;off&#8220; button_bg_color__hover_enabled=&#8220;off&#8220; button_one_bg_color__hover_enabled=&#8220;off&#8220; button_two_bg_color__hover_enabled=&#8220;off&#8220;][\/et_pb_contact_field][et_pb_contact_field field_id=&#8220;Country&#8220; field_title=&#8220;Land&#8220; field_type=&#8220;select&#8220; select_options=&#8220;%91{%22value%22:%22Schweiz%22,%22checked%22:0,%22dragID%22:-1}%93&#8243; _builder_version=&#8220;4.6.1&#8243; _module_preset=&#8220;default&#8220; form_field_background_color=&#8220;#ffffff&#8220; form_field_text_color=&#8220;#333333&#8243; border_radii=&#8220;on|0px|0px|0px|0px&#8220; border_width_all=&#8220;1px&#8220; border_color_all=&#8220;#edecec&#8220; border_style_all=&#8220;solid&#8220;][\/et_pb_contact_field][et_pb_contact_field field_id=&#8220;Address&#8220; field_title=&#8220;Adresse&#8220; min_length=&#8220;1&#8243; _builder_version=&#8220;4.6.1&#8243; _module_preset=&#8220;default&#8220; form_field_background_color=&#8220;#ffffff&#8220; form_field_text_color=&#8220;#333333&#8243; border_radii=&#8220;on|0px|0px|0px|0px&#8220; border_width_all=&#8220;1px&#8220; border_color_all=&#8220;#edecec&#8220; border_style_all=&#8220;solid&#8220;][\/et_pb_contact_field][et_pb_contact_field field_id=&#8220;Email&#8220; field_title=&#8220;E-Mail Adresse&#8220; field_type=&#8220;email&#8220; _builder_version=&#8220;4.6.1&#8243; form_field_background_color=&#8220;#ffffff&#8220; form_field_text_color=&#8220;#333333&#8243; border_radii=&#8220;on|0px|0px|0px|0px&#8220; border_width_all=&#8220;1px&#8220; border_color_all=&#8220;#edecec&#8220; border_style_all=&#8220;solid&#8220; use_border_color=&#8220;on&#8220; border_color=&#8220;#edecec&#8220; border_width=&#8220;1px&#8220; input_border_radius=&#8220;0&#8243; field_background_color=&#8220;#ffffff&#8220; button_text_size__hover_enabled=&#8220;off&#8220; button_one_text_size__hover_enabled=&#8220;off&#8220; button_two_text_size__hover_enabled=&#8220;off&#8220; button_text_color__hover_enabled=&#8220;off&#8220; button_one_text_color__hover_enabled=&#8220;off&#8220; button_two_text_color__hover_enabled=&#8220;off&#8220; button_border_width__hover_enabled=&#8220;off&#8220; button_one_border_width__hover_enabled=&#8220;off&#8220; button_two_border_width__hover_enabled=&#8220;off&#8220; button_border_color__hover_enabled=&#8220;off&#8220; button_one_border_color__hover_enabled=&#8220;off&#8220; button_two_border_color__hover_enabled=&#8220;off&#8220; button_border_radius__hover_enabled=&#8220;off&#8220; button_one_border_radius__hover_enabled=&#8220;off&#8220; button_two_border_radius__hover_enabled=&#8220;off&#8220; button_letter_spacing__hover_enabled=&#8220;off&#8220; button_one_letter_spacing__hover_enabled=&#8220;off&#8220; button_two_letter_spacing__hover_enabled=&#8220;off&#8220; button_bg_color__hover_enabled=&#8220;off&#8220; button_one_bg_color__hover_enabled=&#8220;off&#8220; button_two_bg_color__hover_enabled=&#8220;off&#8220;][\/et_pb_contact_field][et_pb_contact_field field_id=&#8220;Phone&#8220; field_title=&#8220;Telefon&#8220; _builder_version=&#8220;4.6.1&#8243; _module_preset=&#8220;default&#8220; form_field_background_color=&#8220;#ffffff&#8220; form_field_text_color=&#8220;#333&#8243; border_width_all=&#8220;1px&#8220; border_color_all=&#8220;#eee&#8220;][\/et_pb_contact_field][et_pb_contact_field field_id=&#8220;Message&#8220; field_title=&#8220;Nachricht&#8220; field_type=&#8220;text&#8220; fullwidth_field=&#8220;on&#8220; _builder_version=&#8220;4.6.1&#8243; form_field_background_color=&#8220;#ffffff&#8220; form_field_text_color=&#8220;#333333&#8243; border_radii=&#8220;on|0px|0px|0px|0px&#8220; border_width_all=&#8220;1px&#8220; border_color_all=&#8220;#edecec&#8220; border_style_all=&#8220;solid&#8220; use_border_color=&#8220;on&#8220; border_color=&#8220;#edecec&#8220; border_width=&#8220;1px&#8220; input_border_radius=&#8220;0&#8243; field_background_color=&#8220;#ffffff&#8220; button_text_size__hover_enabled=&#8220;off&#8220; button_one_text_size__hover_enabled=&#8220;off&#8220; button_two_text_size__hover_enabled=&#8220;off&#8220; button_text_color__hover_enabled=&#8220;off&#8220; button_one_text_color__hover_enabled=&#8220;off&#8220; button_two_text_color__hover_enabled=&#8220;off&#8220; button_border_width__hover_enabled=&#8220;off&#8220; button_one_border_width__hover_enabled=&#8220;off&#8220; button_two_border_width__hover_enabled=&#8220;off&#8220; button_border_color__hover_enabled=&#8220;off&#8220; button_one_border_color__hover_enabled=&#8220;off&#8220; button_two_border_color__hover_enabled=&#8220;off&#8220; button_border_radius__hover_enabled=&#8220;off&#8220; button_one_border_radius__hover_enabled=&#8220;off&#8220; button_two_border_radius__hover_enabled=&#8220;off&#8220; button_letter_spacing__hover_enabled=&#8220;off&#8220; button_one_letter_spacing__hover_enabled=&#8220;off&#8220; button_two_letter_spacing__hover_enabled=&#8220;off&#8220; button_bg_color__hover_enabled=&#8220;off&#8220; button_one_bg_color__hover_enabled=&#8220;off&#8220; button_two_bg_color__hover_enabled=&#8220;off&#8220;][\/et_pb_contact_field][\/et_pb_contact_form][\/et_pb_column][\/et_pb_row][\/et_pb_section]<\/p>\n","protected":false},"excerpt":{"rendered":"<p>[et_pb_section fb_built=&#8220;1&#8243; _builder_version=&#8220;4.6.0&#8243; _module_preset=&#8220;default&#8220;][et_pb_row admin_label=&#8220;row_inner&#8220; _builder_version=&#8220;3.25&#8243;][et_pb_column type=&#8220;4_4&#8243; _builder_version=&#8220;3.25&#8243; custom_padding=&#8220;|||&#8220; custom_padding__hover=&#8220;|||&#8220;][et_pb_text admin_label=&#8220;Text&#8220; _builder_version=&#8220;4.6.1&#8243; text_line_height=&#8220;1.5em&#8220; background_size=&#8220;initial&#8220; background_position=&#8220;top_left&#8220; background_repeat=&#8220;repeat&#8220; use_border_color=&#8220;off&#8220; border_style=&#8220;solid&#8220;] KONTAKT Bitte kontaktieren Sie uns jederzeit f\u00fcr Informationen, Anfragen oder Angebote. F\u00fcllen Sie bitte das Formular unter und wir werden uns in K\u00fcrze mit Ihnen in Verbindung setzen. Bei Anfragen aus L\u00e4ndern ausserhalb der Schweiz bitten wir [&hellip;]<\/p>\n","protected":false},"author":1,"featured_media":0,"parent":0,"menu_order":0,"comment_status":"closed","ping_status":"closed","template":"","meta":{"_et_pb_use_builder":"on","_et_pb_old_content":"","_et_gb_content_width":"","footnotes":""},"class_list":["post-29204","page","type-page","status-publish","hentry"],"_links":{"self":[{"href":"https:\/\/leverredevin.ch\/de\/wp-json\/wp\/v2\/pages\/29204","targetHints":{"allow":["GET"]}}],"collection":[{"href":"https:\/\/leverredevin.ch\/de\/wp-json\/wp\/v2\/pages"}],"about":[{"href":"https:\/\/leverredevin.ch\/de\/wp-json\/wp\/v2\/types\/page"}],"author":[{"embeddable":true,"href":"https:\/\/leverredevin.ch\/de\/wp-json\/wp\/v2\/users\/1"}],"replies":[{"embeddable":true,"href":"https:\/\/leverredevin.ch\/de\/wp-json\/wp\/v2\/comments?post=29204"}],"version-history":[{"count":0,"href":"https:\/\/leverredevin.ch\/de\/wp-json\/wp\/v2\/pages\/29204\/revisions"}],"wp:attachment":[{"href":"https:\/\/leverredevin.ch\/de\/wp-json\/wp\/v2\/media?parent=29204"}],"curies":[{"name":"wp","href":"https:\/\/api.w.org\/{rel}","templated":true}]}}