{"id":29471,"date":"2020-09-15T21:28:37","date_gmt":"2020-09-15T19:28:37","guid":{"rendered":"https:\/\/leverredevin.ch\/quad\/"},"modified":"2024-12-09T14:02:51","modified_gmt":"2024-12-09T13:02:51","slug":"quad","status":"publish","type":"page","link":"https:\/\/leverredevin.ch\/de\/quad\/","title":{"rendered":"quad"},"content":{"rendered":"<p>[et_pb_section fb_built=&#8220;1&#8243; _builder_version=&#8220;4.5.8&#8243; _module_preset=&#8220;default&#8220;][et_pb_row _builder_version=&#8220;4.5.8&#8243; _module_preset=&#8220;default&#8220;][et_pb_column type=&#8220;4_4&#8243; _builder_version=&#8220;4.5.8&#8243; _module_preset=&#8220;default&#8220;][et_pb_text _builder_version=&#8220;4.6.1&#8243; _module_preset=&#8220;default&#8220;]<\/p>\n<h1 style=\"text-align: center;\"><strong>PODBAR+ quad<\/strong><\/h1>\n<h2 style=\"text-align: center;\"><strong>Die ultimative Aufbewahrungsl\u00f6sung<\/strong><\/h2>\n<p>[\/et_pb_text][\/et_pb_column][\/et_pb_row][et_pb_row _builder_version=&#8220;4.5.8&#8243; _module_preset=&#8220;default&#8220;][et_pb_column type=&#8220;4_4&#8243; _builder_version=&#8220;4.5.8&#8243; _module_preset=&#8220;default&#8220;][et_pb_image src=&#8220;https:\/\/leverredevin.ch\/wp-content\/uploads\/2020\/09\/PODBAR-Quad-Pod-Dual.png&#8220; title_text=&#8220;PODBAR-Quad-Pod-Dual&#8220; show_bottom_space=&#8220;off&#8220; align=&#8220;center&#8220; _builder_version=&#8220;4.6.1&#8243; _module_preset=&#8220;default&#8220; module_alignment=&#8220;center&#8220; max_height=&#8220;326px&#8220;][\/et_pb_image][et_pb_text _builder_version=&#8220;4.6.1&#8243; _module_preset=&#8220;default&#8220;]<\/p>\n<p style=\"text-align: center;\"><strong>quad<\/strong><br \/>\nModell Nr. BC406<\/p>\n<p>[\/et_pb_text][et_pb_button button_url=&#8220;https:\/\/leverredevin.ch\/de\/?page_id=29204&#8243; button_text=&#8220;Angebot anfordern&#8220; button_alignment=&#8220;center&#8220; _builder_version=&#8220;4.5.8&#8243; _module_preset=&#8220;default&#8220;][\/et_pb_button][\/et_pb_column][\/et_pb_row][et_pb_row _builder_version=&#8220;4.6.1&#8243; _module_preset=&#8220;default&#8220; width=&#8220;100%&#8220; hover_enabled=&#8220;0&#8243; custom_padding=&#8220;||0px||false|false&#8220; sticky_enabled=&#8220;0&#8243;][et_pb_column type=&#8220;4_4&#8243; _builder_version=&#8220;4.5.8&#8243; _module_preset=&#8220;default&#8220;][et_pb_video src=&#8220;https:\/\/player.vimeo.com\/video\/154768309&#8243; thumbnail_overlay_color=&#8220;rgba(0,0,0,0.6)&#8220; _builder_version=&#8220;4.6.1&#8243; _module_preset=&#8220;default&#8220; module_alignment=&#8220;center&#8220;][\/et_pb_video][\/et_pb_column][\/et_pb_row][et_pb_row _builder_version=&#8220;4.6.1&#8243; _module_preset=&#8220;default&#8220; background_color=&#8220;#fafafa&#8220; width=&#8220;100%&#8220; custom_margin=&#8220;0px|0px|0px|0px|false|false&#8220; custom_padding=&#8220;0px|0px|0px|0px|false|false&#8220; locked=&#8220;off&#8220;][et_pb_column type=&#8220;4_4&#8243; _builder_version=&#8220;4.6.1&#8243; _module_preset=&#8220;default&#8220;][et_pb_image src=&#8220;https:\/\/leverredevin.ch\/wp-content\/uploads\/2020\/10\/PODBAR_QUAD_technical.jpg&#8220; title_text=&#8220;PODBAR_QUAD_technical&#8220; _builder_version=&#8220;4.6.1&#8243; _module_preset=&#8220;default&#8220; custom_margin=&#8220;0px|100px|0px|100px|false|false&#8220; custom_padding=&#8220;0px||0px||false|false&#8220;][\/et_pb_image][\/et_pb_column][\/et_pb_row][et_pb_row _builder_version=&#8220;4.6.0&#8243; _module_preset=&#8220;default&#8220; locked=&#8220;off&#8220;][et_pb_column type=&#8220;4_4&#8243; _builder_version=&#8220;4.6.0&#8243; _module_preset=&#8220;default&#8220;][et_pb_text _builder_version=&#8220;4.6.1&#8243; _module_preset=&#8220;default&#8220;]<\/p>\n<h2><strong>\u00dcberblick<\/strong><\/h2>\n<p>Die Konservierungssysteme f\u00fcr Wein und Champagner von <strong>BERMAR <\/strong>wurden unter Mitwirkung weltweit renommierter Winzer und Champagner-H\u00e4user entwickelt. Unter Einbeziehung unserer bew\u00e4hrten, preisgekr\u00f6nten <strong>ePreserve<\/strong>-Technologie zur Konservierung von Still- und Schaumweinen laden unsere Systeme Ihren Wein glasweise auf. Mit unglaublichen Funktionen und doppelter Konservierungsfunktionalit\u00e4t ist ein <strong>BERMAR<\/strong>-Konservierungssystem das einzige System Ihrer Wahl aus einer Hand<\/p>\n<p>[\/et_pb_text][\/et_pb_column][\/et_pb_row][et_pb_row column_structure=&#8220;1_2,1_2&#8243; _builder_version=&#8220;4.6.0&#8243; _module_preset=&#8220;default&#8220; locked=&#8220;off&#8220;][et_pb_column type=&#8220;1_2&#8243; _builder_version=&#8220;4.6.0&#8243; _module_preset=&#8220;default&#8220;][et_pb_text _builder_version=&#8220;4.6.1&#8243; _module_preset=&#8220;default&#8220;]<\/p>\n<p style=\"text-align: center;\"><strong><img decoding=\"async\" src=\"https:\/\/cdn.bermar.co.uk\/wp-content\/uploads\/twotypesv2.png\" alt=\"preservation types\" \/><\/strong><\/p>\n<p style=\"text-align: center;\"><strong>Zwei Arten der Konservierung<\/strong><\/p>\n<p style=\"text-align: center;\">Die moderne Weinkarte besteht nicht nur aus Wein. Der Sektabsatz w\u00e4chst weltweit rasant. Die Systeme von <strong>BERMAR\u00a0<\/strong>sind das weltweit einzige duale System welches sowohl Weine als auch Schaumweine konservieren kann, sodass Sie eine unbegrenzte Auswahl stiller Weine und Schaumweine mit einem einzigen System wieder verschlie\u00dfen k\u00f6nnen.<\/p>\n<p>[\/et_pb_text][\/et_pb_column][et_pb_column type=&#8220;1_2&#8243; _builder_version=&#8220;4.6.0&#8243; _module_preset=&#8220;default&#8220;][et_pb_text _builder_version=&#8220;4.6.1&#8243; _module_preset=&#8220;default&#8220;]<\/p>\n<p style=\"text-align: center;\"><strong><img decoding=\"async\" src=\"https:\/\/cdn.bermar.co.uk\/wp-content\/uploads\/21daysv2.png\" alt=\"21 days preservation\" \/><\/strong><\/p>\n<p style=\"text-align: center;\"><strong>21 Tage Haltbarkeit<\/strong><\/p>\n<p style=\"text-align: center;\">Sie w\u00fcrden keinen Apfel aufschneiden oder ein Glas Milch einschenken und es auf die Seite legen, um es dann ein paar Tage sp\u00e4ter zu \u201egenie\u00dfen\u201c. Also warum w\u00fcrdest du es mit Wein machen? Mit einem <strong>BERMAR<\/strong>-Konservierungssystem k\u00f6nnen Sie ab dem ersten \u00d6ffnen der Flasche bis zu 21 Tage lang ein frisches Glas Wein oder Champagner einschenken<\/p>\n<p>[\/et_pb_text][\/et_pb_column][\/et_pb_row][et_pb_row column_structure=&#8220;1_2,1_2&#8243; _builder_version=&#8220;4.6.0&#8243; _module_preset=&#8220;default&#8220; locked=&#8220;off&#8220;][et_pb_column type=&#8220;1_2&#8243; _builder_version=&#8220;4.6.0&#8243; _module_preset=&#8220;default&#8220;][et_pb_text _builder_version=&#8220;4.6.1&#8243; _module_preset=&#8220;default&#8220;]<\/p>\n<p style=\"text-align: center;\"><strong><img decoding=\"async\" src=\"https:\/\/cdn.bermar.co.uk\/wp-content\/uploads\/anywherev2.png\" alt=\"Any bottle anywhere\" \/><\/strong><\/p>\n<p style=\"text-align: center;\"><strong>Jede Flasche, \u00fcberall<\/strong><\/p>\n<p style=\"text-align: center;\"><strong>BERMAR <\/strong>Wein- und Champagnerkonservierungssysteme er\u00f6ffnen eine Welt voller M\u00f6glichkeiten, sei es ein Glas Champagner aus einer Magnumflasche, oder ein Flight mit Weinen &#8230; Sie haben die Wahl. Ob still, sprudelnd, Schraubverschluss oder Korken, die Konservierungssysteme von <strong>BERMAR\u00a0<\/strong>decken alle Bereiche ab.<\/p>\n<p>[\/et_pb_text][\/et_pb_column][et_pb_column type=&#8220;1_2&#8243; _builder_version=&#8220;4.6.0&#8243; _module_preset=&#8220;default&#8220;][et_pb_text _builder_version=&#8220;4.6.1&#8243; _module_preset=&#8220;default&#8220;]<\/p>\n<p style=\"text-align: center;\"><strong><img decoding=\"async\" src=\"https:\/\/cdn.bermar.co.uk\/wp-content\/uploads\/barcolourv2.png\" alt=\"Colour Options\" \/><\/strong><\/p>\n<p style=\"text-align: center;\"><strong>Bringen Sie Farbe in Ihre Bar<\/strong><\/p>\n<p style=\"text-align: center;\">W\u00e4hlen Sie aus 7 beleuchteten D\u00fcsenfarben &#8211; egal ob Sie eine blaue Bar oder ein violettes Popup-Fenster haben, wir haben alles f\u00fcr Sie vorbereitet und Ihr neues <strong>BERMAR<\/strong>-Konservierungssystem sieht garantiert unglaublich hinter Ihrem Tresen aus.<\/p>\n<p>[\/et_pb_text][\/et_pb_column][\/et_pb_row][et_pb_row column_structure=&#8220;1_2,1_2&#8243; _builder_version=&#8220;4.6.0&#8243; _module_preset=&#8220;default&#8220; locked=&#8220;off&#8220;][et_pb_column type=&#8220;1_2&#8243; _builder_version=&#8220;4.6.0&#8243; _module_preset=&#8220;default&#8220;][et_pb_text _builder_version=&#8220;4.6.1&#8243; _module_preset=&#8220;default&#8220;]<\/p>\n<p style=\"text-align: center;\"><strong><img decoding=\"async\" src=\"https:\/\/cdn.bermar.co.uk\/wp-content\/uploads\/otosealedv2.png\" alt=\"0 to sealed\" \/><\/strong><\/p>\n<p style=\"text-align: center;\"><strong>Von &#8222;0&#8220; bis &#8222;versiegelt&#8220; in Supercargeschwindigkeit<\/strong><\/p>\n<p style=\"text-align: center;\">Lassen Sie Ihr Team keine Zeit mit umst\u00e4ndlichen oder langsamen Aufbewahrungsger\u00e4ten verschwenden. Sparen Sie viel Zeit und Geld mit unserem Supercar-Schnellkonservierungssystem. Mit der <strong>ePreserve<\/strong>-Technologie k\u00f6nnen Sie jede Flasche Wein oder Champagner in 1-5 Sekunden konservieren.<\/p>\n<p>[\/et_pb_text][\/et_pb_column][et_pb_column type=&#8220;1_2&#8243; _builder_version=&#8220;4.6.0&#8243; _module_preset=&#8220;default&#8220;][et_pb_text _builder_version=&#8220;4.6.1&#8243; _module_preset=&#8220;default&#8220;]<\/p>\n<p style=\"text-align: center;\"><strong><img decoding=\"async\" src=\"https:\/\/cdn.bermar.co.uk\/wp-content\/uploads\/smallfootprintv2.png\" alt=\"Big impact\" \/><\/strong><\/p>\n<p style=\"text-align: center;\"><strong>Kleiner Fu\u00dfabdruck, gro\u00dfe Wirkung<\/strong><\/p>\n<p style=\"text-align: center;\">Wir wissen zu sch\u00e4tzen, dass der Platz in Ihrem Veranstaltungsort begrenzt sein kann. Wir haben unseren Kunden zugeh\u00f6rt und unsere Konservierungsmodelle entwickelt, um m\u00f6glichst wenig Platz zu beanspruchen. Wir haben das System so konzipiert, dass es den geringstm\u00f6glichen Platz in Anspruch nimmt und gleichzeitig die beste Konserverierungstechnologie liefert.<\/p>\n<p>[\/et_pb_text][\/et_pb_column][\/et_pb_row][et_pb_row _builder_version=&#8220;4.6.1&#8243; _module_preset=&#8220;default&#8220; background_color=&#8220;#000000&#8243; width=&#8220;100%&#8220; custom_margin=&#8220;||||false|false&#8220; custom_padding=&#8220;|60px||60px|false|false&#8220; locked=&#8220;off&#8220;][et_pb_column type=&#8220;4_4&#8243; _builder_version=&#8220;4.6.1&#8243; _module_preset=&#8220;default&#8220;][et_pb_text _builder_version=&#8220;4.6.1&#8243; _module_preset=&#8220;default&#8220;]<\/p>\n<h2><span style=\"color: #ffffff;\"><strong>Unterst\u00fctzt von der ePreserve-Technologie<\/strong><\/span><\/h2>\n<p><span style=\"color: #ffffff;\">In diesem Jahr haben die Ingenieure von <strong>BERMAR<\/strong>einen neuen Meilenstein in der Unternehmensgeschichte erreicht. Zum ersten Mal packen wir unsere Geheimsauce in Chips. Kein Chip zum Essen und Eintauchen, sondern ein kundenspezifischer <strong>ePreserve<\/strong>-Chip. Der <strong>ePreserve<\/strong>-Chip hat einen neuen Ma\u00dfstab f\u00fcr die Konservierungsleistung gesetzt. H\u00f6here Genauigkeit, schnelleres Wiederverschlie\u00dfen und effizienter als je zuvor.<\/span><\/p>\n<p>[\/et_pb_text][\/et_pb_column][\/et_pb_row][et_pb_row column_structure=&#8220;3_5,2_5&#8243; _builder_version=&#8220;4.6.1&#8243; _module_preset=&#8220;default&#8220; background_color=&#8220;#000000&#8243; width=&#8220;100%&#8220; custom_margin=&#8220;||||false|false&#8220; custom_padding=&#8220;|60px||60px|false|false&#8220; locked=&#8220;off&#8220;][et_pb_column type=&#8220;3_5&#8243; _builder_version=&#8220;4.6.1&#8243; _module_preset=&#8220;default&#8220;][et_pb_image src=&#8220;https:\/\/leverredevin.ch\/wp-content\/uploads\/2020\/10\/bottlesparkling.png&#8220; title_text=&#8220;bottlesparkling&#8220; align=&#8220;center&#8220; _builder_version=&#8220;4.6.1&#8243; _module_preset=&#8220;default&#8220; max_height=&#8220;300px&#8220; animation_style=&#8220;fold&#8220; animation_duration=&#8220;2000ms&#8220;][\/et_pb_image][\/et_pb_column][et_pb_column type=&#8220;2_5&#8243; _builder_version=&#8220;4.6.1&#8243; _module_preset=&#8220;default&#8220;][et_pb_text _builder_version=&#8220;4.6.1&#8243; _module_preset=&#8220;default&#8220; text_orientation=&#8220;justified&#8220;]<\/p>\n<h3><span style=\"color: #ffffff;\">Schaumwein \/ Champagner<\/span><\/h3>\n<p><span style=\"color: #ffffff;\">Die <strong>ePreserve<\/strong>-Technologie berechnet die genaue Menge an CO2 und f\u00fcr sie in weniger als 5 Sekunden in den leeren Raum der Flasche. Dies verhindert, dass der Champagner f\u00fcr 21 Tage nicht seinen Glanz verliert und nicht seinen Geschmack oder die Zusammensetzung ver\u00e4ndert.<\/span><\/p>\n<p>[\/et_pb_text][\/et_pb_column][\/et_pb_row][et_pb_row column_structure=&#8220;2_5,3_5&#8243; _builder_version=&#8220;4.6.1&#8243; _module_preset=&#8220;default&#8220; background_color=&#8220;#000000&#8243; width=&#8220;100%&#8220; custom_margin=&#8220;||||false|false&#8220; custom_padding=&#8220;|60px||60px|false|false&#8220; locked=&#8220;off&#8220;][et_pb_column type=&#8220;2_5&#8243; _builder_version=&#8220;4.6.1&#8243; _module_preset=&#8220;default&#8220;][et_pb_text _builder_version=&#8220;4.6.1&#8243; _module_preset=&#8220;default&#8220; text_orientation=&#8220;justified&#8220;]<\/p>\n<h3><span style=\"color: #ffffff;\">Stiller Wein<\/span><\/h3>\n<p><span style=\"color: #ffffff;\">Mit unserer <strong>ePreserv<\/strong>-Technologie ist kein Gas erforderlich, um Ihren stillen Wein wieder zu verschlie\u00dfen. Dies bedeutete, das Sie eine Flasche beliebig oft und ohne Kosten wieder verschlie\u00dfen k\u00f6nnen. Die <strong>ePreserve<\/strong>-Technologie erzeugt ein pr\u00e4zises Vakuum, das den Oxidationsprozess stoppt.<\/span><\/p>\n<p>[\/et_pb_text][\/et_pb_column][et_pb_column type=&#8220;3_5&#8243; _builder_version=&#8220;4.6.1&#8243; _module_preset=&#8220;default&#8220;][et_pb_image src=&#8220;https:\/\/leverredevin.ch\/wp-content\/uploads\/2020\/10\/bottlestill.png&#8220; title_text=&#8220;bottlestill&#8220; align=&#8220;center&#8220; _builder_version=&#8220;4.6.1&#8243; _module_preset=&#8220;default&#8220; max_height=&#8220;300px&#8220; animation_style=&#8220;fold&#8220; animation_duration=&#8220;2000ms&#8220;][\/et_pb_image][\/et_pb_column][\/et_pb_row][et_pb_row _builder_version=&#8220;4.6.1&#8243; _module_preset=&#8220;default&#8220; locked=&#8220;off&#8220;][et_pb_column type=&#8220;4_4&#8243; _builder_version=&#8220;4.6.1&#8243; _module_preset=&#8220;default&#8220;][et_pb_text _builder_version=&#8220;4.6.1&#8243; _module_preset=&#8220;default&#8220;]<\/p>\n<h2><strong>Von Kunden auf der ganzen Welt geliebt<\/strong><\/h2>\n<p>\u00dcber 50.000 Kunden in mehr als 90 L\u00e4ndern auf der ganzen Welt haben ein <strong>BERMAR<\/strong>-System, das im Mittelpunkt ihres Weinangebots steht. Von idyllischen Inselparadiesen auf den Malediven bis hin zu gesch\u00e4ftigen Stra\u00dfenbars in New York City. Sie wissen nie, wo Sie Ihr n\u00e4chstes <strong>BERMAR<\/strong>-Konservierungssystem sehen werden.<\/p>\n<p>[\/et_pb_text][\/et_pb_column][\/et_pb_row][\/et_pb_section]<\/p>\n","protected":false},"excerpt":{"rendered":"<p>[et_pb_section fb_built=&#8220;1&#8243; _builder_version=&#8220;4.5.8&#8243; _module_preset=&#8220;default&#8220;][et_pb_row _builder_version=&#8220;4.5.8&#8243; _module_preset=&#8220;default&#8220;][et_pb_column type=&#8220;4_4&#8243; _builder_version=&#8220;4.5.8&#8243; _module_preset=&#8220;default&#8220;][et_pb_text _builder_version=&#8220;4.6.1&#8243; _module_preset=&#8220;default&#8220;] PODBAR+ quad Die ultimative Aufbewahrungsl\u00f6sung [\/et_pb_text][\/et_pb_column][\/et_pb_row][et_pb_row _builder_version=&#8220;4.5.8&#8243; _module_preset=&#8220;default&#8220;][et_pb_column type=&#8220;4_4&#8243; _builder_version=&#8220;4.5.8&#8243; _module_preset=&#8220;default&#8220;][et_pb_image src=&#8220;https:\/\/leverredevin.ch\/wp-content\/uploads\/2020\/09\/PODBAR-Quad-Pod-Dual.png&#8220; title_text=&#8220;PODBAR-Quad-Pod-Dual&#8220; show_bottom_space=&#8220;off&#8220; align=&#8220;center&#8220; _builder_version=&#8220;4.6.1&#8243; _module_preset=&#8220;default&#8220; module_alignment=&#8220;center&#8220; max_height=&#8220;326px&#8220;][\/et_pb_image][et_pb_text _builder_version=&#8220;4.6.1&#8243; _module_preset=&#8220;default&#8220;] quad Modell Nr. BC406 [\/et_pb_text][et_pb_button button_url=&#8220;https:\/\/leverredevin.ch\/de\/?page_id=29204&#8243; button_text=&#8220;Angebot anfordern&#8220; button_alignment=&#8220;center&#8220; _builder_version=&#8220;4.5.8&#8243; _module_preset=&#8220;default&#8220;][\/et_pb_button][\/et_pb_column][\/et_pb_row][et_pb_row _builder_version=&#8220;4.6.1&#8243; _module_preset=&#8220;default&#8220; width=&#8220;100%&#8220; hover_enabled=&#8220;0&#8243; custom_padding=&#8220;||0px||false|false&#8220; sticky_enabled=&#8220;0&#8243;][et_pb_column type=&#8220;4_4&#8243; _builder_version=&#8220;4.5.8&#8243; _module_preset=&#8220;default&#8220;][et_pb_video src=&#8220;https:\/\/player.vimeo.com\/video\/154768309&#8243; thumbnail_overlay_color=&#8220;rgba(0,0,0,0.6)&#8220; _builder_version=&#8220;4.6.1&#8243; [&hellip;]<\/p>\n","protected":false},"author":1,"featured_media":0,"parent":0,"menu_order":0,"comment_status":"closed","ping_status":"closed","template":"","meta":{"_et_pb_use_builder":"on","_et_pb_old_content":"","_et_gb_content_width":"","footnotes":""},"class_list":["post-29471","page","type-page","status-publish","hentry"],"_links":{"self":[{"href":"https:\/\/leverredevin.ch\/de\/wp-json\/wp\/v2\/pages\/29471","targetHints":{"allow":["GET"]}}],"collection":[{"href":"https:\/\/leverredevin.ch\/de\/wp-json\/wp\/v2\/pages"}],"about":[{"href":"https:\/\/leverredevin.ch\/de\/wp-json\/wp\/v2\/types\/page"}],"author":[{"embeddable":true,"href":"https:\/\/leverredevin.ch\/de\/wp-json\/wp\/v2\/users\/1"}],"replies":[{"embeddable":true,"href":"https:\/\/leverredevin.ch\/de\/wp-json\/wp\/v2\/comments?post=29471"}],"version-history":[{"count":0,"href":"https:\/\/leverredevin.ch\/de\/wp-json\/wp\/v2\/pages\/29471\/revisions"}],"wp:attachment":[{"href":"https:\/\/leverredevin.ch\/de\/wp-json\/wp\/v2\/media?parent=29471"}],"curies":[{"name":"wp","href":"https:\/\/api.w.org\/{rel}","templated":true}]}}