{"id":29981,"date":"2021-01-18T08:56:10","date_gmt":"2021-01-18T07:56:10","guid":{"rendered":"https:\/\/leverredevin.ch\/terms-and-conditions\/"},"modified":"2021-01-18T18:47:15","modified_gmt":"2021-01-18T17:47:15","slug":"nutzungsbedingungen-2","status":"publish","type":"page","link":"https:\/\/leverredevin.ch\/de\/nutzungsbedingungen-2\/","title":{"rendered":"Nutzungsbedingungen"},"content":{"rendered":"<p><strong>Nutzungsbedingungen<\/strong><\/p><p>Mit dem Aufrufen und Verwenden der Seiten der Site leverredevin.ch und von deren Inhalt erkl\u00e4ren Sie sich an die im Folgenden aufgef\u00fchrten Nutzungsbedingungen gebunden.<\/p><p><strong>Alter<\/strong><\/p><p>Der Aufruf der Website ist nur Personen gestattet, die das Mindestalter zum Konsum alkoholischer Getr\u00e4nke erreicht haben.<\/p><p><strong>Keine Aufforderung<\/strong><\/p><p>Weder die Informationen noch die auf der Seite ge\u00e4u\u00dferten Meinungen d\u00fcrfen als Aufforderung zum Konsum alkoholischer Getr\u00e4nke verstanden werden.<\/p><p><strong>Gew\u00e4hrleistungsausschluss<\/strong><\/p><p>Durability S\u00e0rl ist stets um die bestm\u00f6gliche Korrektheit und Aktualit\u00e4t des Inhalts der Website bem\u00fcht. Trotzdem lehnt Durability S\u00e0rl jede Haftung hinsichtlich der Informationen, die auf oder von der Site aus aufgerufen werden k\u00f6nnen ab, insbesondere was den Inhalt sowie dessen Vollst\u00e4ndigkeit, Korrektheit oder Zuverl\u00e4ssigkeit anbelangt. Durability S\u00e0rl \u00fcbernimmt keinerlei Gew\u00e4hrleistung irgendeiner Art, weder ausdr\u00fccklich noch implizit, insbesondere hinsichtlich der unterbrechungsfreien Verf\u00fcgbarkeit oder der Fehlerfreiheit der Dienstleistung sowie der Leistungen und Ergebnisse, die sich aus der Verwendung dieser Site ergeben. Die auf dieser Site enthaltenen Informationen k\u00f6nnen jederzeit ge\u00e4ndert werden. Durability S\u00e0rl kann nicht daf\u00fcr garantieren, dass die Informationen vollst\u00e4ndig, zutreffend oder aktuell sind.<\/p><p><strong>Haftungsausschluss<\/strong><\/p><p>Durability S\u00e0rl kann Ihnen oder Dritten gegen\u00fcber nicht haftbar gemacht werden f\u00fcr direkte, indirekte oder Folgesch\u00e4den, die sich aus der Verwendung der auf dieser Seite enthaltenen Inhalte oder von anderen Inhalten ergeben, auf die Sie u.U. mittels Links von dieser Seite aus zugreifen k\u00f6nnen.<\/p><p>Die Site enth\u00e4lt u.U. Hypertext-Links, die einzig dazu bestimmt sind, Ihnen das Finden von eventuell interessanten Inhalten zu erleichtern. Au\u00dfer bei ausdr\u00fccklicher gegenteiliger Angabe besteht jedoch keinerlei Vertragsbeziehung zwischen Durability S\u00e0rl und den Sites, auf die die Links verweisen. Durability S\u00e0rl hat den Inhalt der Sites, auf die die Links verweisen, nicht \u00fcberpr\u00fcft und ist weder verantwortlich f\u00fcr deren Inhalt noch f\u00fcr die Inhalte von Sites, auf die von dort aus u.U. weitere Links verweisen, oder f\u00fcr Dienstleistungen und Produkte, die dort u.U. angeboten werden oder zug\u00e4nglich sind. Die Verwendung dieser Links und der Aufruf der Sites, auf die die Links verweisen, erfolgt daher auf Ihre eigene Gefahr.<\/p><p><strong>Schutz der Privatsph\u00e4re<\/strong><\/p><p>Durability S\u00e0rl verpflichtet sich zur Achtung Ihrer Privatsph\u00e4re durch die Anwendung der schweizerischen Datenschutzrichtlinien sowie insbesondere des Bundesgesetzes \u00fcber den Datenschutz vom 19. Juni 1992 samt den zugeh\u00f6rigen Ausf\u00fchrungsbestimmungen.<\/p><p>Es werden lediglich jene Daten aufgezeichnet und verarbeitet, die erforderlich sind f\u00fcr die Herstellung der Verbindung, die Aufrechterhaltung von hochwertigen Dienstleistungen, die technische Sicherheit der Funktion der Site und der Dienstleistungen von Durability S\u00e0rl sowie im Hinblick auf die Kontaktaufnahme mit interessierten Personen zu Marketingzwecken, z.B. um besser \u00fcber Neuheiten informieren zu k\u00f6nnen.<\/p><p>Durability S\u00e0rl verpflichtet sich, keinerlei Sie betreffende Daten an Dritte weiterzugeben. Allerdings erkl\u00e4ren Sie sich ausdr\u00fccklich damit einverstanden, dass Ihre Daten durch einen Dritten aufbewahrt werden. Im \u00dcbrigen beh\u00e4lt Durability S\u00e0rl sich das Recht zur \u00dcberpr\u00fcfung der von Ihnen angegebenen Informationen und Daten vor.<\/p><p>Sie k\u00f6nnen jederzeit per Email an info(at)leverredevin.ch. Auskunft \u00fcber die Sie betreffenden verarbeiteten Daten erhalten. Sie k\u00f6nnen ferner die \u00c4nderung unrichtiger Daten verlangen.<\/p><p><strong>Copyright Foto<\/strong><\/p><p>Die Fotos welche sich auf dieser Website befinden sind Eigentum Durability S\u00e0rl Jegliche Verwendung dieser Bilder ist vorbehaltlich der Zustimmung von Durability S\u00e0rl.<\/p><p><strong>Gerichtsstand und geltendes Recht<\/strong><\/p><p>Die vorliegenden Nutzungsbedingungen unterliegen dem materiellen Schweizer Recht. In s\u00e4mtlichen Streitf\u00e4llen sind ausschlie\u00dflich die Gerichte des Kantons Wallis zust\u00e4ndig.<\/p>","protected":false},"excerpt":{"rendered":"<p>Nutzungsbedingungen Mit dem Aufrufen und Verwenden der Seiten der Site leverredevin.ch und von deren Inhalt erkl\u00e4ren Sie sich an die im Folgenden aufgef\u00fchrten Nutzungsbedingungen gebunden. Alter Der Aufruf der Website ist nur Personen gestattet, die das Mindestalter zum Konsum alkoholischer Getr\u00e4nke erreicht haben. Keine Aufforderung Weder die Informationen noch die auf der Seite ge\u00e4u\u00dferten Meinungen [&hellip;]<\/p>\n","protected":false},"author":1,"featured_media":0,"parent":0,"menu_order":0,"comment_status":"closed","ping_status":"closed","template":"","meta":{"_et_pb_use_builder":"off","_et_pb_old_content":"","_et_gb_content_width":"","footnotes":""},"class_list":["post-29981","page","type-page","status-publish","hentry"],"_links":{"self":[{"href":"https:\/\/leverredevin.ch\/de\/wp-json\/wp\/v2\/pages\/29981","targetHints":{"allow":["GET"]}}],"collection":[{"href":"https:\/\/leverredevin.ch\/de\/wp-json\/wp\/v2\/pages"}],"about":[{"href":"https:\/\/leverredevin.ch\/de\/wp-json\/wp\/v2\/types\/page"}],"author":[{"embeddable":true,"href":"https:\/\/leverredevin.ch\/de\/wp-json\/wp\/v2\/users\/1"}],"replies":[{"embeddable":true,"href":"https:\/\/leverredevin.ch\/de\/wp-json\/wp\/v2\/comments?post=29981"}],"version-history":[{"count":0,"href":"https:\/\/leverredevin.ch\/de\/wp-json\/wp\/v2\/pages\/29981\/revisions"}],"wp:attachment":[{"href":"https:\/\/leverredevin.ch\/de\/wp-json\/wp\/v2\/media?parent=29981"}],"curies":[{"name":"wp","href":"https:\/\/api.w.org\/{rel}","templated":true}]}}