{"id":29094,"date":"2020-08-26T17:24:15","date_gmt":"2020-08-26T15:24:15","guid":{"rendered":"https:\/\/leverredevin.ch\/product\/premium-champagner-stopfen-2x\/"},"modified":"2025-05-19T13:10:40","modified_gmt":"2025-05-19T11:10:40","slug":"champagner-stopper-edelstahl","status":"publish","type":"product","link":"https:\/\/leverredevin.ch\/de\/boutique\/champagner-stopper-edelstahl\/","title":{"rendered":"Champagner-eStoppers \u2013 Premium"},"content":{"rendered":"<p class=\"\" data-start=\"44\" data-end=\"445\">Die<strong> Premium Champagner-eStopper<\/strong>s sind f\u00fcr alle Standard-Champagnerflaschen geeignet. In Kombination mit einem <strong>Le Verre de Vin+ <\/strong>Konservierungssystem erm\u00f6glichen sie eine optimale Haltbarkeit von Champagner und Schaumwein von bis zu 21 Tagen. Die Chrombeschichtung verleiht den Flaschen eine sch\u00f6ne Wirkung. Ausgestattet mit einem integrierten Halteclip f\u00fcr eine ansprechende Pr\u00e4sentation und einfache Handhabung.<\/p>\n<p>F\u00fcr Flaschen von Jahrgangs- oder enghalsigen Champagner bestellen Sie bitte <a href=\"https:\/\/leverredevin.ch\/de\/produkt\/champagner-stopper-schmal-edelstahl\/\">hier<\/a> spezifische Verschl\u00fcsse.<\/p>\n<p>&nbsp;<\/p>\n","protected":false},"excerpt":{"rendered":"<p>Schachtel mit 2 Champagner-eStopppers \u2013 Edelstahl<\/p>\n","protected":false},"featured_media":29784,"template":"","meta":{"_et_pb_use_builder":"","_et_pb_old_content":"","_et_gb_content_width":""},"product_cat":[76],"product_tag":[],"class_list":{"0":"post-29094","1":"product","2":"type-product","3":"status-publish","4":"has-post-thumbnail","6":"product_cat-estoppers","8":"first","9":"instock","10":"taxable","11":"shipping-taxable","12":"purchasable","13":"product-type-simple"},"_links":{"self":[{"href":"https:\/\/leverredevin.ch\/de\/wp-json\/wp\/v2\/product\/29094","targetHints":{"allow":["GET"]}}],"collection":[{"href":"https:\/\/leverredevin.ch\/de\/wp-json\/wp\/v2\/product"}],"about":[{"href":"https:\/\/leverredevin.ch\/de\/wp-json\/wp\/v2\/types\/product"}],"wp:featuredmedia":[{"embeddable":true,"href":"https:\/\/leverredevin.ch\/de\/wp-json\/wp\/v2\/media\/29784"}],"wp:attachment":[{"href":"https:\/\/leverredevin.ch\/de\/wp-json\/wp\/v2\/media?parent=29094"}],"wp:term":[{"taxonomy":"product_cat","embeddable":true,"href":"https:\/\/leverredevin.ch\/de\/wp-json\/wp\/v2\/product_cat?post=29094"},{"taxonomy":"product_tag","embeddable":true,"href":"https:\/\/leverredevin.ch\/de\/wp-json\/wp\/v2\/product_tag?post=29094"}],"curies":[{"name":"wp","href":"https:\/\/api.w.org\/{rel}","templated":true}]}}