{"id":29106,"date":"2020-08-26T17:13:50","date_gmt":"2020-08-26T15:13:50","guid":{"rendered":"https:\/\/leverredevin.ch\/product\/schmale-champagner-stopfen-3x\/"},"modified":"2025-05-19T13:14:23","modified_gmt":"2025-05-19T11:14:23","slug":"champagner-stopper-schmal","status":"publish","type":"product","link":"https:\/\/leverredevin.ch\/de\/boutique\/champagner-stopper-schmal\/","title":{"rendered":"Champagner-eStoppers \u2013 Schmal"},"content":{"rendered":"<div class=\"flex max-w-full flex-col grow\">\n<div class=\"min-h-8 text-message relative flex w-full flex-col items-end gap-2 text-start break-words whitespace-normal [.text-message+&amp;]:mt-5\" dir=\"auto\" data-message-author-role=\"assistant\" data-message-id=\"bde964ee-05a6-49e2-823b-4b90e71aa1a9\" data-message-model-slug=\"gpt-4o\">\n<div class=\"flex w-full flex-col gap-1 empty:hidden first:pt-[3px]\">\n<div class=\"markdown prose dark:prose-invert w-full break-words light\">\n<p class=\"\" data-start=\"44\" data-end=\"334\">Die <strong>Champagner eStoppers<\/strong> mit integriertem Halteclip, geeignen f\u00fcr Flaschen mit schmalem Hals und Jahrgangschampagner wie z.\u202fB. Krug, Dom P\u00e9rignon usw. Diese Stopfen erm\u00f6glichen eine effektive Konservierung von Champagner und Schaumwein f\u00fcr bis zu 21 Tage mit den <strong>Le Verre de Vin+<\/strong> Systemen.<\/p>\n<p class=\"\" data-start=\"336\" data-end=\"542\">Diese Stopfen wurden speziell f\u00fcr die Verwendung mit aktuellen und fr\u00fcheren Generationen der <strong>Bermar<\/strong>-Konservierungssysteme hergestellt.<\/p>\n<p class=\"\" data-start=\"336\" data-end=\"542\">Wenn Sie Standard-Champagner-eStoppers ben\u00f6tigen, finden Sie diese <a href=\"https:\/\/leverredevin.ch\/de\/boutique\/champagner-stopper\/\">hier.<\/a><\/p>\n<\/div>\n<\/div>\n<\/div>\n<\/div>\n<p>&nbsp;<\/p>\n","protected":false},"excerpt":{"rendered":"<p>Schachtel mit 3 Champagner-eStoppers f\u00fcr Flaschen mit engem Hals oder Jahrgangsflaschen.<\/p>\n","protected":false},"featured_media":29072,"template":"","meta":{"_et_pb_use_builder":"","_et_pb_old_content":"","_et_gb_content_width":""},"product_cat":[76],"product_tag":[],"class_list":{"0":"post-29106","1":"product","2":"type-product","3":"status-publish","4":"has-post-thumbnail","6":"product_cat-estoppers","8":"first","9":"instock","10":"taxable","11":"shipping-taxable","12":"purchasable","13":"product-type-simple"},"_links":{"self":[{"href":"https:\/\/leverredevin.ch\/de\/wp-json\/wp\/v2\/product\/29106","targetHints":{"allow":["GET"]}}],"collection":[{"href":"https:\/\/leverredevin.ch\/de\/wp-json\/wp\/v2\/product"}],"about":[{"href":"https:\/\/leverredevin.ch\/de\/wp-json\/wp\/v2\/types\/product"}],"wp:featuredmedia":[{"embeddable":true,"href":"https:\/\/leverredevin.ch\/de\/wp-json\/wp\/v2\/media\/29072"}],"wp:attachment":[{"href":"https:\/\/leverredevin.ch\/de\/wp-json\/wp\/v2\/media?parent=29106"}],"wp:term":[{"taxonomy":"product_cat","embeddable":true,"href":"https:\/\/leverredevin.ch\/de\/wp-json\/wp\/v2\/product_cat?post=29106"},{"taxonomy":"product_tag","embeddable":true,"href":"https:\/\/leverredevin.ch\/de\/wp-json\/wp\/v2\/product_tag?post=29106"}],"curies":[{"name":"wp","href":"https:\/\/api.w.org\/{rel}","templated":true}]}}