{"id":29109,"date":"2020-08-25T23:00:55","date_gmt":"2020-08-25T21:00:55","guid":{"rendered":"https:\/\/leverredevin.ch\/product\/stiller-wein-estopper-gold-10x\/"},"modified":"2025-05-19T13:12:48","modified_gmt":"2025-05-19T11:12:48","slug":"vakkuumstopper-wein-gold","status":"publish","type":"product","link":"https:\/\/leverredevin.ch\/de\/boutique\/vakkuumstopper-wein-gold\/","title":{"rendered":"eStoppers &#8211; Wein &#8211; Gold"},"content":{"rendered":"<p class=\"\" data-start=\"44\" data-end=\"360\"><strong data-start=\"44\" data-end=\"163\">Revolution\u00e4re eStoppers f\u00fcr Stillwein \u2013 die n\u00e4chste Generation der Vakuumverschluss-Technologie.<\/strong><br data-start=\"163\" data-end=\"166\" \/>Diese innovativen Stopfen sind so konzipiert, dass sie auf eine Vielzahl von Flaschen passen, darunter Halbliterflaschen, Standardweinflaschen, Schraubverschlussflaschen und die meisten Magnums.<\/p>\n<p class=\"\" data-start=\"362\" data-end=\"682\">Mit zwei eleganten Kappenfarben \u2013 Gold oder <a href=\"https:\/\/leverredevin.ch\/de\/boutique\/vakuumstopper-wein-silber\/\">Silber<\/a> \u2013 bieten die eStoppers eine perfekte Kombination aus Stil und Funktionalit\u00e4t. Sie sind vollst\u00e4ndig kompatibel mit den urspr\u00fcnglichen und neuen Versionen der Le Verre de Vin- und PODBAR-Systeme.<\/p>\n","protected":false},"excerpt":{"rendered":"<p>10x eStopper mit geb\u00fcrstetem Gold veredelter Stillwein.<\/p>\n<p>Geeignet f\u00fcr Standard- und Schraubverschluss-Weinflaschen.<\/p>\n","protected":false},"featured_media":29066,"template":"","meta":{"_et_pb_use_builder":"off","_et_pb_old_content":"Die eSTOPPER f\u00fcr stille Weine stellen den H\u00f6hepunkt der Vakuumverschlusstechnologie dar. Sie sind so konzipiert, dass sie eine \"One-for-All\"-L\u00f6sung sind, bei der eine Verschlussgr\u00f6\u00dfe f\u00fcr Standard-Halbflaschen und -Flaschen, Schraubverschlussflaschen \u2013 und sogar f\u00fcr die \"meisten\" Magnumflaschen \u2013 geeignet ist. Sie sind mit 2 Kappenfarben (Gold oder Silber) erh\u00e4ltlich. Sie k\u00f6nnen mit Original-, LE VERRE DE VIN- und PODBAR-Systemen verwendet werden.   ","_et_gb_content_width":""},"product_cat":[76],"product_tag":[],"class_list":{"0":"post-29109","1":"product","2":"type-product","3":"status-publish","4":"has-post-thumbnail","6":"product_cat-estoppers","8":"first","9":"instock","10":"taxable","11":"shipping-taxable","12":"purchasable","13":"product-type-simple"},"_links":{"self":[{"href":"https:\/\/leverredevin.ch\/de\/wp-json\/wp\/v2\/product\/29109","targetHints":{"allow":["GET"]}}],"collection":[{"href":"https:\/\/leverredevin.ch\/de\/wp-json\/wp\/v2\/product"}],"about":[{"href":"https:\/\/leverredevin.ch\/de\/wp-json\/wp\/v2\/types\/product"}],"wp:featuredmedia":[{"embeddable":true,"href":"https:\/\/leverredevin.ch\/de\/wp-json\/wp\/v2\/media\/29066"}],"wp:attachment":[{"href":"https:\/\/leverredevin.ch\/de\/wp-json\/wp\/v2\/media?parent=29109"}],"wp:term":[{"taxonomy":"product_cat","embeddable":true,"href":"https:\/\/leverredevin.ch\/de\/wp-json\/wp\/v2\/product_cat?post=29109"},{"taxonomy":"product_tag","embeddable":true,"href":"https:\/\/leverredevin.ch\/de\/wp-json\/wp\/v2\/product_tag?post=29109"}],"curies":[{"name":"wp","href":"https:\/\/api.w.org\/{rel}","templated":true}]}}