{"id":30256,"date":"2024-09-18T21:44:48","date_gmt":"2024-09-18T19:44:48","guid":{"rendered":"https:\/\/leverredevin.ch\/boutique\/tower-duo\/"},"modified":"2024-12-05T13:22:36","modified_gmt":"2024-12-05T12:22:36","slug":"tower-duo","status":"publish","type":"product","link":"https:\/\/leverredevin.ch\/de\/boutique\/tower-duo\/","title":{"rendered":"Le Verre de Vin+ Tower &#8211; Wein &#038; Champagner"},"content":{"rendered":"<p>Mit dem Konservierungssystem <strong>Le Verre de Vin+ Tower Duo<\/strong>, das an der Theke befestigt wird, k\u00f6nnen Sie eine unbegrenzte Anzahl von Wein- und Champagnerflaschen in weniger als 5 Sekunden wieder verschlie\u00dfen. Dank der ePreserve-Technologie h\u00e4lt er Wein und Champagner bis zu 21 Tagen lang frisch. Jede Einheit wird mit folgendem Zubeh\u00f6r geliefert :<\/p>\n<ul>\n<li>1 voreingestellter CO2-Regulator<\/li>\n<li>20 Stopper vaccum f\u00fcr Wein<\/li>\n<li>6 Stopper f\u00fcr Champagner<\/li>\n<\/ul>\n<p>Eine Version ausschlie\u00dflich f\u00fcr Wein oder ausschlie\u00dflich f\u00fcr Champagner ist ebenfalls erh\u00e4ltlich. Preis auf Anfrage.<\/p>\n","protected":false},"excerpt":{"rendered":"<p>F\u00fcr Wein und Champagner<\/p>\n","protected":false},"featured_media":29116,"template":"","meta":{"_et_pb_use_builder":"","_et_pb_old_content":"","_et_gb_content_width":""},"product_cat":[78,80],"product_tag":[],"class_list":{"0":"post-30256","1":"product","2":"type-product","3":"status-publish","4":"has-post-thumbnail","6":"product_cat-le-verre-de-vin","7":"product_cat-le-verre-de-vin-en-2","9":"first","10":"instock","11":"taxable","12":"shipping-taxable","13":"purchasable","14":"product-type-simple"},"_links":{"self":[{"href":"https:\/\/leverredevin.ch\/de\/wp-json\/wp\/v2\/product\/30256","targetHints":{"allow":["GET"]}}],"collection":[{"href":"https:\/\/leverredevin.ch\/de\/wp-json\/wp\/v2\/product"}],"about":[{"href":"https:\/\/leverredevin.ch\/de\/wp-json\/wp\/v2\/types\/product"}],"wp:featuredmedia":[{"embeddable":true,"href":"https:\/\/leverredevin.ch\/de\/wp-json\/wp\/v2\/media\/29116"}],"wp:attachment":[{"href":"https:\/\/leverredevin.ch\/de\/wp-json\/wp\/v2\/media?parent=30256"}],"wp:term":[{"taxonomy":"product_cat","embeddable":true,"href":"https:\/\/leverredevin.ch\/de\/wp-json\/wp\/v2\/product_cat?post=30256"},{"taxonomy":"product_tag","embeddable":true,"href":"https:\/\/leverredevin.ch\/de\/wp-json\/wp\/v2\/product_tag?post=30256"}],"curies":[{"name":"wp","href":"https:\/\/api.w.org\/{rel}","templated":true}]}}