{"id":30345,"date":"2024-12-02T16:52:11","date_gmt":"2024-12-05T07:12:02","guid":{"rendered":"https:\/\/leverredevin.ch\/boutique\/le-verre-de-vin-classic-duo-edition-edelstahl-fuer-wein-und-champagner\/"},"modified":"2024-12-05T13:20:41","modified_gmt":"2024-12-05T12:20:41","slug":"le-verre-de-vin-classic-duo-edition-edelstahl-fuer-wein-und-champagner","status":"publish","type":"product","link":"https:\/\/leverredevin.ch\/de\/boutique\/le-verre-de-vin-classic-duo-edition-edelstahl-fuer-wein-und-champagner\/","title":{"rendered":"Le Verre de Vin+ Classic &#8211; Edelstahl &#8211; Wein &#038; Champagner"},"content":{"rendered":"<p>Das System <strong>Le Verre de Vin+ Classic Duo<\/strong>, das in Schwarz oder Edelstahl erh\u00e4ltlich ist, wird an der Wand befestigt und erm\u00f6glicht es Ihnen, gleichzeitig Wein und Champagner aufzubewahren. Es versch\u00f6nert nicht Ihren Raum, sondern erm\u00f6glicht es Ihnen auch, eine unbegrenzte Anzahl von Wein- und Champagnerflaschen in weniger als 5 Sekunden wieder zu verschlie\u00dfen. Dank der <strong>ePreserve<\/strong>-Technologie h\u00e4lt er Wein und Champagner bis zu 21 Tagen lang frisch. Jede Einheit wird mit folgendem Zubeh\u00f6r geliefert :<\/p>\n<ul>\n<li>1 voreingestellter CO2-Regulator<\/li>\n<li>20 Stopper vaccum f\u00fcr Wein<\/li>\n<li>6 Stopper f\u00fcr Champagner<\/li>\n<\/ul>\n<p><strong>\u00a0<\/strong><\/p>\n","protected":false},"excerpt":{"rendered":"<p>Edition Edelstahl. F\u00fcr Wein und Champagner.<\/p>\n","protected":false},"featured_media":30341,"template":"","meta":{"_et_pb_use_builder":"on","_et_pb_old_content":"","_et_gb_content_width":""},"product_cat":[79],"product_tag":[],"class_list":{"0":"post-30345","1":"product","2":"type-product","3":"status-publish","4":"has-post-thumbnail","6":"product_cat-le-verre-de-vin-de-2","8":"first","9":"instock","10":"taxable","11":"shipping-taxable","12":"purchasable","13":"product-type-simple"},"_links":{"self":[{"href":"https:\/\/leverredevin.ch\/de\/wp-json\/wp\/v2\/product\/30345","targetHints":{"allow":["GET"]}}],"collection":[{"href":"https:\/\/leverredevin.ch\/de\/wp-json\/wp\/v2\/product"}],"about":[{"href":"https:\/\/leverredevin.ch\/de\/wp-json\/wp\/v2\/types\/product"}],"wp:featuredmedia":[{"embeddable":true,"href":"https:\/\/leverredevin.ch\/de\/wp-json\/wp\/v2\/media\/30341"}],"wp:attachment":[{"href":"https:\/\/leverredevin.ch\/de\/wp-json\/wp\/v2\/media?parent=30345"}],"wp:term":[{"taxonomy":"product_cat","embeddable":true,"href":"https:\/\/leverredevin.ch\/de\/wp-json\/wp\/v2\/product_cat?post=30345"},{"taxonomy":"product_tag","embeddable":true,"href":"https:\/\/leverredevin.ch\/de\/wp-json\/wp\/v2\/product_tag?post=30345"}],"curies":[{"name":"wp","href":"https:\/\/api.w.org\/{rel}","templated":true}]}}