{"id":30353,"date":"2024-12-02T15:37:48","date_gmt":"2024-12-05T08:05:10","guid":{"rendered":"https:\/\/leverredevin.ch\/boutique\/le-verre-de-vin-tower-traegbar-fuer-wein\/"},"modified":"2024-12-05T16:30:13","modified_gmt":"2024-12-05T15:30:13","slug":"le-verre-de-vin-tower-traegbar-fuer-wein","status":"publish","type":"product","link":"https:\/\/leverredevin.ch\/de\/boutique\/le-verre-de-vin-tower-traegbar-fuer-wein\/","title":{"rendered":"Le Verre de Vin+ Tower tr\u00e4gbar &#8211; Wein"},"content":{"rendered":"<p>Mit dem tragbaren <strong>Le Verre de Vin+ Tower<\/strong> (nur Wein) Konservierungssystem k\u00f6nnen Sie eine unbegrenzte Anzahl von Weinflaschen in weniger als 5 Sekunden wieder verschlie\u00dfen und sind dabei leicht mobil. Jede Einheit wird mit folgendem Zubeh\u00f6r geliefert :<\/p>\n<ul>\n<li>20 Stopper vaccum f\u00fcr Wein<\/li>\n<\/ul>\n<p><a href=\"https:\/\/leverredevin.ch\/de\/kontakt\/\">Auf Anfrage<\/a> ist auch eine Version ausschlie\u00dflich f\u00fcr Champagner erh\u00e4ltlich.<\/p>\n","protected":false},"excerpt":{"rendered":"<p>Nur f\u00fcr Wein<\/p>\n","protected":false},"featured_media":30449,"template":"","meta":{"_et_pb_use_builder":"","_et_pb_old_content":"","_et_gb_content_width":""},"product_cat":[79],"product_tag":[],"class_list":{"0":"post-30353","1":"product","2":"type-product","3":"status-publish","4":"has-post-thumbnail","6":"product_cat-le-verre-de-vin-de-2","8":"first","9":"instock","10":"taxable","11":"shipping-taxable","12":"purchasable","13":"product-type-simple"},"_links":{"self":[{"href":"https:\/\/leverredevin.ch\/de\/wp-json\/wp\/v2\/product\/30353","targetHints":{"allow":["GET"]}}],"collection":[{"href":"https:\/\/leverredevin.ch\/de\/wp-json\/wp\/v2\/product"}],"about":[{"href":"https:\/\/leverredevin.ch\/de\/wp-json\/wp\/v2\/types\/product"}],"wp:featuredmedia":[{"embeddable":true,"href":"https:\/\/leverredevin.ch\/de\/wp-json\/wp\/v2\/media\/30449"}],"wp:attachment":[{"href":"https:\/\/leverredevin.ch\/de\/wp-json\/wp\/v2\/media?parent=30353"}],"wp:term":[{"taxonomy":"product_cat","embeddable":true,"href":"https:\/\/leverredevin.ch\/de\/wp-json\/wp\/v2\/product_cat?post=30353"},{"taxonomy":"product_tag","embeddable":true,"href":"https:\/\/leverredevin.ch\/de\/wp-json\/wp\/v2\/product_tag?post=30353"}],"curies":[{"name":"wp","href":"https:\/\/api.w.org\/{rel}","templated":true}]}}