{"id":30362,"date":"2024-12-02T16:26:15","date_gmt":"2024-12-05T08:43:17","guid":{"rendered":"https:\/\/leverredevin.ch\/boutique\/podbar-twin-die-perfekte-loesung-fuer-wein-und-champagner\/"},"modified":"2024-12-05T16:28:46","modified_gmt":"2024-12-05T15:28:46","slug":"podbar-twin-die-perfekte-loesung-fuer-wein-und-champagner","status":"publish","type":"product","link":"https:\/\/leverredevin.ch\/de\/boutique\/podbar-twin-die-perfekte-loesung-fuer-wein-und-champagner\/","title":{"rendered":"Podbar twin, die perfekte L\u00f6sung &#8211; Wein &#038; Champagner"},"content":{"rendered":"<p>Die<strong> Le Verre de Vin+ Tower<\/strong>-Konservierungssysteme integrieren sich perfekt mit den <strong>Podbar<\/strong>-Servicevitrinen und modulare Sets zu schaffen, die f\u00fcr alle Arten von R\u00e4umen geeignet sind. Verschiedene Konfigurationen sind verf\u00fcgbar, um Wein und Champagner bei idealen Serviertemperaturen zu halten. K\u00fchlung und Konservierung eine perfekte Kombination !<\/p>\n<p>Diese Version enth\u00e4lt <strong>zwei Podbars-K\u00fclhungseinheiten<\/strong> mit unabh\u00e4ngiger Steuerung, die mit <strong>einem Tower Duo-Konservierungsmodul <\/strong>(f\u00fcr Weine und Champagner) vereint sind.<\/p>\n<p>Jede Podbar twin ist mit folgendem Zubeh\u00f6r geliefert :<\/p>\n<ul>\n<li>1 voreingestellter CO2-Regulator<\/li>\n<li>20 stopper vaccum pour vin<\/li>\n<li>6 Stopper f\u00fcr Champagner<\/li>\n<li>1 Innenregal aus rostfreiem Stahl<\/li>\n<\/ul>\n<p>Ein Tower-Aufbewahrungsmodul, das ausschlie\u00dflich f\u00fcr Wein oder f\u00fcr Champagner gedacht ist, kann ebenfalls in die beiden Podbars integriert werden. <a href=\"https:\/\/leverredevin.ch\/de\/kontakt\/\">Angebot anfragen<\/a>.<\/p>\n","protected":false},"excerpt":{"rendered":"<p>F\u00fcr Wein und Champagner<\/p>\n","protected":false},"featured_media":30304,"template":"","meta":{"_et_pb_use_builder":"","_et_pb_old_content":"","_et_gb_content_width":""},"product_cat":[74],"product_tag":[],"class_list":{"0":"post-30362","1":"product","2":"type-product","3":"status-publish","4":"has-post-thumbnail","6":"product_cat-podbar-de-2","8":"first","9":"instock","10":"taxable","11":"shipping-taxable","12":"purchasable","13":"product-type-simple"},"_links":{"self":[{"href":"https:\/\/leverredevin.ch\/de\/wp-json\/wp\/v2\/product\/30362","targetHints":{"allow":["GET"]}}],"collection":[{"href":"https:\/\/leverredevin.ch\/de\/wp-json\/wp\/v2\/product"}],"about":[{"href":"https:\/\/leverredevin.ch\/de\/wp-json\/wp\/v2\/types\/product"}],"wp:featuredmedia":[{"embeddable":true,"href":"https:\/\/leverredevin.ch\/de\/wp-json\/wp\/v2\/media\/30304"}],"wp:attachment":[{"href":"https:\/\/leverredevin.ch\/de\/wp-json\/wp\/v2\/media?parent=30362"}],"wp:term":[{"taxonomy":"product_cat","embeddable":true,"href":"https:\/\/leverredevin.ch\/de\/wp-json\/wp\/v2\/product_cat?post=30362"},{"taxonomy":"product_tag","embeddable":true,"href":"https:\/\/leverredevin.ch\/de\/wp-json\/wp\/v2\/product_tag?post=30362"}],"curies":[{"name":"wp","href":"https:\/\/api.w.org\/{rel}","templated":true}]}}